{"id":5,"date":"2016-08-31T02:42:34","date_gmt":"2016-08-31T02:42:34","guid":{"rendered":"https:\/\/themify.me\/demo\/themes\/ultra-wedding\/?page_id=7"},"modified":"2022-04-04T16:57:07","modified_gmt":"2022-04-04T16:57:07","slug":"home","status":"publish","type":"page","link":"https:\/\/www.aliceundchristian.ch\/","title":{"rendered":"Home"},"content":{"rendered":"<!-- wp:themify-builder\/canvas \/-->\n\n\n<p><\/p>\n<!--themify_builder_static--><img loading=\"lazy\" src=\"https:\/\/www.aliceundchristian.ch\/wp-content\/uploads\/2021\/01\/aundcszj-2.png\" width=\"1000\" height=\"1000\" title=\"aundcszj-2\" alt=\"aundcszj-2\">\n<h2>Wedding Countdown<\/h2>\n\n<h2>Our Story<\/h2> <h3>In einer sch\u00f6nen Fr\u00fchlingsnacht in Winterthur standen wir beide pl\u00f6tzlich ohne unsere zuvor abgemachten Dates da und hatten den ganzen Abend, um uns n\u00e4her kennen zu lernen. Hier ein paar Highlights aus der bisherigen, gemeinsamen Zeit\u2026<\/h3>\n<ul> <li id=\"timeline-0\"> FEB 2011 <i><svg aria-hidden=\"true\"><use href=\"#tf-far-heart-o\"><\/use><\/svg><\/i> <h2> How We Met <\/h2> <p>IT-Nerd trifft auf Ferienaushilfe. F\u00fcr den Ausbau des Online-Shops f\u00fcr buch.ch wurden gl\u00fccklicherweise Ressourcen gesucht. Die perfekte Tempor\u00e4rstelle neben dem Jus-Studium. Christian, frisch gebr\u00e4unt zur\u00fcck aus Mexico und Alice, mitten im Bachelor-Studium an der UZH verwickelten sich auf Anhieb in ausgedehnte Diskussionen am Mittagstisch oder auf gem\u00fctlichen Spazierg\u00e4ngen durch die Winterthurer Altstadt.<\/p>\n\u00a0 <\/li> <li id=\"timeline-1\"> APR 2011 <i><svg aria-hidden=\"true\"><use href=\"#tf-far-heart-o\"><\/use><\/svg><\/i> <h2> The First Date <\/h2> <p>Vom Kleidershoppen, einer lustigen Autofahrt, Ladykiller und Whisky-Sour<\/p> <p>Unsere langen Gespr\u00e4che fielen dann bald auch den Arbeitskollegen auf, was Meli dazu brachte, unser erstes &#171;Date&#187; einzuf\u00e4deln. Auf der allzu kuschligen R\u00fcckbank ihres Peugeot 207 Cabrios flitzten wir nach Konstanz zum Kleidershoppen. Leistungssport &#8211; wenn Christian dabei ist (beim Anprobieren, wie auch beim durch die L\u00e4den rennen). Nach einem gem\u00fctlichen Abendessen endete der Abend im People&#8217;s bei Ladykiller und Whisky Sour sowie &#8211; einmal mehr &#8211; unbequemen doch kuscheligen Sofas. Der Zufall wollte es, dass wir wenige Jahre sp\u00e4ter gleich ums Eck dieser Bar unsere erste gemeinsame Wohnung fanden.<\/p> <\/li> <li id=\"timeline-2\"> 2012 &#8211; 2019 <i><svg aria-hidden=\"true\"><use href=\"#tf-far-heart-o\"><\/use><\/svg><\/i> <h2> The Time Flies <\/h2> <p>Zwei Umz\u00fcge und 7 Katzen sp\u00e4ter&#8230;<\/p> <p>Mit der gemeinsamen Wohnung neben dem People&#8217;s sind auch unsere zwei Stubentiger Aischa und Diego zu uns gestossen. Nach kurzzeitigem Intermezzo von f\u00fcnf Baby-Samtpf\u00f6tchen sank die Katzenzahl von sieben wieder auf drei. Kater Ginger ist zu unserer Katzenfamilie dazugestossen.<\/p> <\/li> <li id=\"timeline-3\"> DEZ 2019 <i><svg aria-hidden=\"true\"><use href=\"#tf-far-heart-o\"><\/use><\/svg><\/i> <h2> We Are Enganged <\/h2> <p>Oh du sch\u00f6nes Wien &#8211; so der Plan schlechthin.\u00a0\u00a0<\/p> <p>Dank Chrstian&#8217;s Reiset\u00e4tigkeit, die ihn regelm\u00e4ssig \u00fcber Wien lenkte und Alice&#8217;s Teilnahme am International VIS Moot Court wurde Wien zu einem der wiederkehrenden St\u00e4dtereiseziele. Die Ecken dieser wunderbaren, historischen Stadt durften wir im Dezember 2019 erneut erkundigen, wo nach einer wahrhaftigen Stadtrundfahrt mit Kutsche, Prater-Riesenrad und Weihnachtsmarkt im Restaurant Das Schick hoch \u00fcber den D\u00e4chern Wien&#8217;s dann endlich die Frage fiel &#171;S\u00f6llemer, Alice?&#187;.\u00a0<\/p> <\/li> <li id=\"timeline-4\"> FEB 2020+ <i><svg aria-hidden=\"true\"><use href=\"#tf-far-heart-o\"><\/use><\/svg><\/i> <h2> Wedding Preparations <\/h2> <p>Hochzeitsplanung x2<\/p> <p>Die Hochzeitsplanung kaum angelaufen, hat uns COVID einen Strich durch die Rechnung gemacht. Bald war deutlich, dass ein Fest wie f\u00fcr den 27. Februar 2021 geplant nicht m\u00f6glich, geschweigedenn sinnvoll ist. Nun sind wir dank Impfung und COVID-Zertifikat wieder guten Mutes und vertrauen auf eine unvergessliche Feier mit euch allen am 18. Dezember 2021.<\/p> <\/li> <\/ul>\n<h2>Hochzeit mit Zertifikat (2G)<\/h2>\n<em style=\"color:#ffffff\"><svg aria-hidden=\"true\"><use href=\"#tf-ti-medall\"><\/use><\/svg><\/em> \n <h3> COVID-19 Zertifikat <\/h3> <p>Wir freuen uns, endlich mit euch zu feiern, zu tanzen, anzustossen und zu lachen. Damit dies m\u00f6glich wird, feiern wir unsere Hochzeit mit COVID-19 Zertifikat (aus aktuellem Anlass leider 2G) f\u00fcr alle Erwachsenen und f\u00fcr Kinder ab 12 Jahren. Das Zertifikat wird beim Eingang in die Kirche kontrolliert und gilt f\u00fcr das gesamte Fest. Bitte vergesst nicht, dass zur \u00dcberpr\u00fcfung des Zertifikats ein amtlicher Ausweis mitgebracht werden muss.<\/p>\n<em style=\"color:#ffffff\"><svg aria-hidden=\"true\"><use href=\"#tf-far-map-marker\"><\/use><\/svg><\/em> \n <h3> An der gesamten Feier <\/h3>\n<h2>Vielen herzlichen Dank Euch allen&#8230;<\/h2>\n\u00a0\n<h4> &#8230;f\u00fcr einen unvergesslichen Tag <\/h4> <p>Wir haben uns riesig gefreut, mit Euch diesen Unvergesslichen Tag feiern zu d\u00fcrfen und Euch an unserer Seite zu haben. Die Planung und Organisation vorab war nicht immer ganz einfach aber das Fest h\u00e4tte besser nicht laufen k\u00f6nnen und wir haben es in vollen Z\u00fcgen mit Euch genossen!<\/p>\n\u00a0\n<h4> &#8230;f\u00fcr all die Helfer und \u00dcberraschungen <\/h4> <p>Liebe Trauzeugen, T\u00e4tschmeister, Fotodrucker, Redenschreiber, Musiker, S\u00e4nger, Dichter, Spieleleiter, Photographen, Floristen, Dekorateure, Stylisten, Fliegenbinder, T\u00fcraufhalter, Schleppentr\u00e4ger, Schlittenstosser und alle Heinzelm\u00e4nnchen und Helfer, die diesen Tag f\u00fcr uns so unvergesslich gemacht haben:<\/p> <p>DANKE EUCH VIEL VIEL MAL! IHR SEID DIE BESTEN!<\/p>\n<h4> &#8230;F\u00dcR EURE GROSSZ\u00dcGIGKEIT! <\/h4> <p>Das Hochzeitsfest mit Euch zu feiern in einer so sch\u00f6nen aber doch speziellen Location hat uns schon riesig gefreut. Vielen Dank an alle, die den Weg auf den Berg auf sich genommen haben!\u00a0<\/p> <p>Sehr \u00fcberw\u00e4ltigt sind wir von der Grossz\u00fcgigkeit, mit der Ihr uns beschenkt habt. Sobald es die Situation wieder erlaubt werden wir uns mit den vielen Zustupfen eine Traumreise planen und Euch dar\u00fcber berichten! Vielen vielen Dank f\u00fcr Eure Unterst\u00fczung!<\/p> <p>\u00a0<\/p> <p>\u00a0<\/p>\n<h2>Wedding Ap\u00e9ro S\u00e4ntis<\/h2>\n<em style=\"color:#ffffff\"><svg aria-hidden=\"true\"><use href=\"#tf-far-calendar-minus-o\"><\/use><\/svg><\/em> \n <h3> Samstag, 18. Dezember, 2021 <\/h3> <p>13:30 Uhr &#8211; 16:30 Uhr<\/p>\n<em style=\"color:#ffffff\"><svg aria-hidden=\"true\"><use href=\"#tf-far-map-marker\"><\/use><\/svg><\/em> \n <h3> Im Panoramasaal auf dem S\u00e4ntis <\/h3>\n<h2>Wedding Evening Program<\/h2>\n<em style=\"color:#ffffff\"><svg aria-hidden=\"true\"><use href=\"#tf-far-calendar-minus-o\"><\/use><\/svg><\/em> \n <h3> Samstag, 18. Dezember, 2021 <\/h3> <p>18:30 Uhr &#8211; 03:00 Uhr<\/p>\n<em style=\"color:#ffffff\"><svg aria-hidden=\"true\"><use href=\"#tf-far-map-marker\"><\/use><\/svg><\/em> \n <h3> S\u00e4ntis &#8211; Das Hotel <\/h3> <p>9107 Schw\u00e4galp<\/p> <p>F\u00fcr die G\u00e4ste stehen auch kostenpflichtige Garagenparkpl\u00e4tze zu Verf\u00fcgung. Die Aussenparkpl\u00e4tze k\u00f6nnen frei verwendet werden.<\/p>\n<ul> <li id=\"timeline-0\"> 18. DEZ 2021 <i><svg aria-hidden=\"true\"><use href=\"#tf-far-heart-o\"><\/use><\/svg><\/i> <h2> Getting Married <\/h2> <p><strong>11:00 Uhr<\/strong> Besammlung und COVID-19 Zertifikats\u00fcberpr\u00fcfung<\/p> <p>Wir feiern unsere kirchliche Hochzeit in einer kleinen, \u00f6kumenischen Bergkapelle auf der Schw\u00e4galp. Dort wird auch vor Einlass in die Kapelle das COVID-19 Zertifikat \u00fcberpr\u00fcft. Nehmt also unbedingt das Zertifikat und einen amtlichen Ausweis (ID, F\u00fchrerschein, Pass) mit.\u00a0<\/p> <p>Parkpl\u00e4tze findet ihr beim S\u00e4ntis Hotel, 500m Fussweg von der Kapelle entfernt. Die Parkpl\u00e4tze bei der Kapelle sind begrenzt und nur f\u00fcr Personen, die schlecht zu Fuss sind.<\/p> <p>\u00a0<\/p> <p><strong>11:30 &#8211; 12:30 Uhr\u00a0<\/strong>Hochzeit in der Bruder Klaus Kapelle<\/p> <p>Pfarrer Andreas B\u00e4nziger traut uns in der sch\u00f6nen Bruder Klaus Kapelle.<\/p> <p>\u00a0<\/p> <p><strong>13:00 \/ 13:15 Uhr\u00a0<\/strong>Seilbahnfahrt auf den S\u00e4ntis<\/p> <p>Nach der Trauung geht es nach einem kleinen Fussmarsch mit der Seilbahn auf den S\u00e4ntis in den Panorama Saal zum Ap\u00e9ro. Die Seilbahn hat platz f\u00fcr ca. 80 Personen und wird 2x direkt hintereinander fahren (15 min). Wir bitten auf Gratulationen direkt nach der Kirche zu verzichten, dass wir p\u00fcnktlich auf die Gondel kommen.\u00a0<\/p> <p>\u00a0<\/p> <p><strong>13:30 &#8211; 16:30 Uhr\u00a0<\/strong>Ap\u00e9ro Riche f\u00fcr alle G\u00e4ste<\/p> <p>Ab 13:30 Uhr steht ein Ap\u00e9ro Riche auf dem Panorama Saal auf dem S\u00e4ntis Gilpfelrestaurant f\u00fcr alle G\u00e4ste bereit. Hier stossen wir gerne mit einem Glass mit Euch an und geniessen den hoffentlich herrlichen Ausblick.<\/p> <p>Im Restaurant hat es ebenfalls noch drei Ausstellungen und auch der Gipfel kann besucht werden. Lasst es Euch einfach gut gehen und geniesst mit uns den Nachmittag.<\/p> <p>\u00a0<\/p> <p><strong>14:30 Uhr<\/strong> Anschneiden der Hochzeitstorte<\/p> <p>Als besonderes Highlight m\u00f6chten wir mit Euch zusammen bereits zum Ap\u00e9ro die Hochzeitstorte anschneiden, so dass f\u00fcr den Dessert ebenfalls gesorgt ist.\u00a0<\/p> <p>\u00a0<\/p> <p><strong>16:30 Uhr<\/strong> Ende des Hochzeits-Ap\u00e9ro<\/p> <p>Um 16:30 Uhr endet dann der offizielle Ap\u00e9ro und Ihr d\u00fcrft Euch individuell auf die Talfahrt begeben oder den Gipfel noch etwas geniessen. Die Gondel f\u00e4hrt alle 30 Minuten.\u00a0<\/p> <p>\u00a0<\/p> <p><strong>16:30 &#8211; 18:30 Uhr<\/strong> Check-In und Relax<\/p> <p>Die Abend-G\u00e4ste haben nun Zeit f\u00fcr den Check-In im Hotel und k\u00f6nnen etwas auf dem Zimmer, im Wellness-Bereich oder an der Bar entspannen bevor es mit dem Abendprogramm weiter geht.<\/p> <p>\u00a0<\/p> <p><strong>18:30 Uhr<\/strong> Start des Abends mit einem Ap\u00e9ro<\/p> <p>Auf der Hotel-Terrasse und im Foyer des Festsaals wartet ein kleiner WarmUp.<\/p> <p>\u00a0<\/p> <p><strong>19:00 &#8211; 03:00 Uhr<\/strong> Abendprogramm<\/p> <p>Wir feiern Ausgelassen in die Nacht mit guter Verpflegung und Band.<\/p> <p>\u00a0<\/p> <p><strong>ab 03:00 Uhr<\/strong> Ende des Festes und Ausklang<\/p> <p>Ab 3:00 Uhr nehmen wir auf die anderen Hotelg\u00e4ste R\u00fccksicht. Wer noch immer nicht genug hat, kann sich in der Zigarren-Lounge oder an der Bar noch einen Schlummertrunk genehmigen.<\/p> <p>\u00a0<\/p> <\/li> <li id=\"timeline-1\"> <i><svg aria-hidden=\"true\"><use href=\"#tf-far-circle-thin\"><\/use><\/svg><\/i> <\/li> <\/ul>\n<h2>Gallery<\/h2> <p>Bitte das Passwort eingeben und auf die danach erscheinenden Links abrufen.<\/p>\n<img loading=\"lazy\" width=\"1200\" height=\"800\" src=\"https:\/\/www.aliceundchristian.ch\/wp-content\/uploads\/2021\/12\/DSC02541.jpg\" title=\"DSC02541\" alt=\"DSC02541\">\n<h2>\u00a0Zivilhochzeit 03.12.2021<\/h2>\n<form action=\"https:\/\/www.aliceundchristian.ch\/wp-login.php?action=postpass\" class=\"post-password-form\" method=\"post\">\n\t<p>Dieser Inhalt ist passwortgesch\u00fctzt. Um ihn anzuschauen, geben Sie bitte Ihr Passwort unten ein:<\/p>\n\t<p><label for=\"pwbox-301\">Passwort: <input name=\"post_password\" id=\"pwbox-301\" type=\"password\" size=\"20\" \/><\/label> <input type=\"submit\" name=\"Submit\" value=\"Absenden\" \/><\/p><\/form>\n\t\n<img loading=\"lazy\" width=\"6000\" height=\"4000\" src=\"https:\/\/www.aliceundchristian.ch\/wp-content\/uploads\/2022\/04\/A7308000.jpg\" title=\"A7308000\" alt=\"A7308000\">\n<h2>\u00a0Kirchliche Trauung &amp; Ap\u00e9ro 18.12.2021<\/h2>\n<form action=\"https:\/\/www.aliceundchristian.ch\/wp-login.php?action=postpass\" class=\"post-password-form\" method=\"post\">\n\t<p>Dieser Inhalt ist passwortgesch\u00fctzt. Um ihn anzuschauen, geben Sie bitte Ihr Passwort unten ein:<\/p>\n\t<p><label for=\"pwbox-396\">Passwort: <input name=\"post_password\" id=\"pwbox-396\" type=\"password\" size=\"20\" \/><\/label> <input type=\"submit\" name=\"Submit\" value=\"Absenden\" \/><\/p><\/form>\n\t\n<img loading=\"lazy\" width=\"6000\" height=\"4000\" src=\"https:\/\/www.aliceundchristian.ch\/wp-content\/uploads\/2022\/04\/A7308251.jpg\" title=\"A7308251\" alt=\"A7308251\">\n<h2>\u00a0Dinner &amp; Party 18.12.2021<\/h2>\n<form action=\"https:\/\/www.aliceundchristian.ch\/wp-login.php?action=postpass\" class=\"post-password-form\" method=\"post\">\n\t<p>Dieser Inhalt ist passwortgesch\u00fctzt. Um ihn anzuschauen, geben Sie bitte Ihr Passwort unten ein:<\/p>\n\t<p><label for=\"pwbox-1247\">Passwort: <input name=\"post_password\" id=\"pwbox-1247\" type=\"password\" size=\"20\" \/><\/label> <input type=\"submit\" name=\"Submit\" value=\"Absenden\" \/><\/p><\/form>\n\t\n<img loading=\"lazy\" width=\"2128\" height=\"1419\" src=\"https:\/\/www.aliceundchristian.ch\/wp-content\/uploads\/2022\/04\/IMG_0147.jpg\" title=\"IMG_0147\" alt=\"IMG_0147\">\n<h2>\u00a0Photobooth 18.12.2021<\/h2>\n<form action=\"https:\/\/www.aliceundchristian.ch\/wp-login.php?action=postpass\" class=\"post-password-form\" method=\"post\">\n\t<p>Dieser Inhalt ist passwortgesch\u00fctzt. Um ihn anzuschauen, geben Sie bitte Ihr Passwort unten ein:<\/p>\n\t<p><label for=\"pwbox-1093\">Passwort: <input name=\"post_password\" id=\"pwbox-1093\" type=\"password\" size=\"20\" \/><\/label> <input type=\"submit\" name=\"Submit\" value=\"Absenden\" \/><\/p><\/form>\n\t\n<form action=\"https:\/\/www.aliceundchristian.ch\/wp-login.php?action=postpass\" class=\"post-password-form\" method=\"post\">\n\t<p>Dieser Inhalt ist passwortgesch\u00fctzt. Um ihn anzuschauen, geben Sie bitte Ihr Passwort unten ein:<\/p>\n\t<p><label for=\"pwbox-1373\">Passwort: <input name=\"post_password\" id=\"pwbox-1373\" type=\"password\" size=\"20\" \/><\/label> <input type=\"submit\" name=\"Submit\" value=\"Absenden\" \/><\/p><\/form>\n\t\n<h2 style=\"text-align: center;\">Hochzeitsreise<\/h2>\n\u00a0\n<p>Vielen lieben Dank auch nochmals an all die vielen Zustupfe an unsere Hochzeitsreise. Wir werden diese einsetzen um z.B.<\/p>\n<h4>\u00a0<\/h4> <h4>&#8230;von A nach B zu kommen.<\/h4> <p>Der Weg ist das Ziel! Wie zum Beispiel hier im Herbst 2019 auf unserer Tour durch Island mit dem Mink.<\/p> <p>\u00a0<\/p>\n<h4>\u00a0<\/h4> <h4>&#8230;zusammen die Golden Hour zu geniessen.<\/h4> <p>Abendstimmung am M\u00fdvatn<\/p> <p>\u00a0<\/p>\n<h4>&#8230;einen guten Kaffee zu trinken.<\/h4> <p>Dieser Cappuccino in Irland hat es uns angetan &#8211; Ambrosia nach zwei Wochen Tee statt Kaffee.<\/p> <p>\u00a0<\/p>\n<h4>&#8230;faszinierende Naturschauspiele zu beobachten.<\/h4> <p>Christian&#8217;s Finger haben das Fotografieren ohne Handschuhe bei -36.5 \u00b0C im n\u00f6rdlichsten Teil von Finnland gl\u00fccklicherweise \u00fcberstanden.\u00a0<\/p> <p>\u00a0<\/p> <p>\u00a0<\/p>\n<h4>&#8230;uns nach den Frischluftaktivit\u00e4ten im Spa zu erholen.<\/h4> <p>und durchzuw\u00e4rmen &#8211; Langlauf im finnischen Winter war eine tolle Erfahrung.<\/p> <p>\u00a0<\/p>\n<h4>&#8230;luftige H\u00f6henfl\u00fcge zu geniessen.<\/h4>\n<h4>\u00a0<\/h4> <h4>&#8230;mal wieder Meeresluft zu schnuppern.<\/h4>\n<h4>&#8230;neues zu entdecken.<\/h4> <p>Wo auch immer unsere F\u00fcsse uns als n\u00e4chstes hin tragen, wir freuen uns auf besondere Erlebnisse und werden berichten. Vielen lieben Dank!<\/p> <p>\u00a0<\/p>\n<h2>Are You Attending?<\/h2> <h3>Please RSVP before 13. December 2021<\/h3>\n<form action=\"https:\/\/www.aliceundchristian.ch\/wp-admin\/admin-ajax.php\" class=\"builder-contact\" id=\"tb_2e885eb-form\" method=\"post\" data-post-id=\"0\" data-element-id=\"2e885eb\" data-orig-id=\"\" > <label for=\"tb_2e885eb-contact-name\">Name <\/label> <input type=\"text\" name=\"contact-name\" placeholder=\"\" id=\"tb_2e885eb-contact-name\" value=\"\" > <label for=\"tb_2e885eb-contact-email\">Email <\/label> <input type=\"text\" name=\"contact-email\" placeholder=\"\" id=\"tb_2e885eb-contact-email\" value=\"\" > <label for=\"tb_2e885eb-contact-message\">Message *<\/label> <textarea name=\"contact-message\" placeholder=\"\" id=\"tb_2e885eb-contact-message\" required><\/textarea> <label> <input type=\"checkbox\" name=\"contact-sendcopy\" id=\"tb_2e885eb-sendcopy\" value=\"1\"> Send Copy <\/label> <button type=\"submit\">Send<\/button> <\/form><!--\/themify_builder_static-->","protected":false},"excerpt":{"rendered":"<p>Wedding Countdown Our Story In einer sch\u00f6nen Fr\u00fchlingsnacht in Winterthur standen wir beide pl\u00f6tzlich ohne unsere zuvor abgemachten Dates da und hatten den ganzen Abend, um uns n\u00e4her kennen zu lernen. Hier ein paar Highlights aus der bisherigen, gemeinsamen Zeit\u2026 FEB 2011 How We Met IT-Nerd trifft auf Ferienaushilfe. F\u00fcr den Ausbau des Online-Shops f\u00fcr [&hellip;]<\/p>\n","protected":false},"author":1,"featured_media":0,"parent":0,"menu_order":0,"comment_status":"closed","ping_status":"closed","template":"","meta":[],"builder_content":"<img loading=\"lazy\" src=\"https:\/\/www.aliceundchristian.ch\/wp-content\/uploads\/2021\/01\/aundcszj-2.png\" width=\"1000\" height=\"1000\" title=\"aundcszj-2\" alt=\"aundcszj-2\">\n<h2>Wedding Countdown<\/h2>\n<h2>Our Story<\/h2> <h3>In einer sch\u00f6nen Fr\u00fchlingsnacht in Winterthur standen wir beide pl\u00f6tzlich ohne unsere zuvor abgemachten Dates da und hatten den ganzen Abend, um uns n\u00e4her kennen zu lernen. Hier ein paar Highlights aus der bisherigen, gemeinsamen Zeit\u2026<\/h3>\n<h2>Hochzeit mit Zertifikat (2G)<\/h2>\n<em style=\"color:#ffffff\"><svg aria-hidden=\"true\"><use href=\"#tf-ti-medall\"><\/use><\/svg><\/em> \n <h3> COVID-19 Zertifikat <\/h3> <p>Wir freuen uns, endlich mit euch zu feiern, zu tanzen, anzustossen und zu lachen. Damit dies m\u00f6glich wird, feiern wir unsere Hochzeit mit COVID-19 Zertifikat (aus aktuellem Anlass leider 2G) f\u00fcr alle Erwachsenen und f\u00fcr Kinder ab 12 Jahren. Das Zertifikat wird beim Eingang in die Kirche kontrolliert und gilt f\u00fcr das gesamte Fest. Bitte vergesst nicht, dass zur \u00dcberpr\u00fcfung des Zertifikats ein amtlicher Ausweis mitgebracht werden muss.<\/p>\n<em style=\"color:#ffffff\"><svg aria-hidden=\"true\"><use href=\"#tf-far-map-marker\"><\/use><\/svg><\/em> \n <h3> An der gesamten Feier <\/h3>\n<h2>Vielen herzlichen Dank Euch allen...<\/h2>\n\u00a0\n<h4> ...f\u00fcr einen unvergesslichen Tag <\/h4> <p>Wir haben uns riesig gefreut, mit Euch diesen Unvergesslichen Tag feiern zu d\u00fcrfen und Euch an unserer Seite zu haben. Die Planung und Organisation vorab war nicht immer ganz einfach aber das Fest h\u00e4tte besser nicht laufen k\u00f6nnen und wir haben es in vollen Z\u00fcgen mit Euch genossen!<\/p>\n\u00a0\n<h4> ...f\u00fcr all die Helfer und \u00dcberraschungen <\/h4> <p>Liebe Trauzeugen, T\u00e4tschmeister, Fotodrucker, Redenschreiber, Musiker, S\u00e4nger, Dichter, Spieleleiter, Photographen, Floristen, Dekorateure, Stylisten, Fliegenbinder, T\u00fcraufhalter, Schleppentr\u00e4ger, Schlittenstosser und alle Heinzelm\u00e4nnchen und Helfer, die diesen Tag f\u00fcr uns so unvergesslich gemacht haben:<\/p> <p>DANKE EUCH VIEL VIEL MAL! IHR SEID DIE BESTEN!<\/p>\n<h4> ...F\u00dcR EURE GROSSZ\u00dcGIGKEIT! <\/h4> <p>Das Hochzeitsfest mit Euch zu feiern in einer so sch\u00f6nen aber doch speziellen Location hat uns schon riesig gefreut. Vielen Dank an alle, die den Weg auf den Berg auf sich genommen haben!\u00a0<\/p> <p>Sehr \u00fcberw\u00e4ltigt sind wir von der Grossz\u00fcgigkeit, mit der Ihr uns beschenkt habt. Sobald es die Situation wieder erlaubt werden wir uns mit den vielen Zustupfen eine Traumreise planen und Euch dar\u00fcber berichten! Vielen vielen Dank f\u00fcr Eure Unterst\u00fczung!<\/p> <p>\u00a0<\/p> <p>\u00a0<\/p>\n<h2>Wedding Ap\u00e9ro S\u00e4ntis<\/h2>\n<em style=\"color:#ffffff\"><svg aria-hidden=\"true\"><use href=\"#tf-far-calendar-minus-o\"><\/use><\/svg><\/em> \n <h3> Samstag, 18. Dezember, 2021 <\/h3> <p>13:30 Uhr - 16:30 Uhr<\/p>\n<em style=\"color:#ffffff\"><svg aria-hidden=\"true\"><use href=\"#tf-far-map-marker\"><\/use><\/svg><\/em> \n <h3> Im Panoramasaal auf dem S\u00e4ntis <\/h3>\n<h2>Wedding Evening Program<\/h2>\n<em style=\"color:#ffffff\"><svg aria-hidden=\"true\"><use href=\"#tf-far-calendar-minus-o\"><\/use><\/svg><\/em> \n <h3> Samstag, 18. Dezember, 2021 <\/h3> <p>18:30 Uhr - 03:00 Uhr<\/p>\n<em style=\"color:#ffffff\"><svg aria-hidden=\"true\"><use href=\"#tf-far-map-marker\"><\/use><\/svg><\/em> \n <h3> S\u00e4ntis - Das Hotel <\/h3> <p>9107 Schw\u00e4galp<\/p> <p>F\u00fcr die G\u00e4ste stehen auch kostenpflichtige Garagenparkpl\u00e4tze zu Verf\u00fcgung. Die Aussenparkpl\u00e4tze k\u00f6nnen frei verwendet werden.<\/p>\n<h2>Gallery<\/h2> <p>Bitte das Passwort eingeben und auf die danach erscheinenden Links abrufen.<\/p>\n<img loading=\"lazy\" width=\"1200\" height=\"800\" src=\"https:\/\/www.aliceundchristian.ch\/wp-content\/uploads\/2021\/12\/DSC02541.jpg\" title=\"DSC02541\" alt=\"DSC02541\">\n<h2>\u00a0Zivilhochzeit 03.12.2021<\/h2>\n[modula-link id=\"301\"]Fotos Ziviltrauung 03.12.2021[\/modula-link]\n<img loading=\"lazy\" width=\"6000\" height=\"4000\" src=\"https:\/\/www.aliceundchristian.ch\/wp-content\/uploads\/2022\/04\/A7308000.jpg\" title=\"A7308000\" alt=\"A7308000\">\n<h2>\u00a0Kirchliche Trauung &amp; Ap\u00e9ro 18.12.2021<\/h2>\n[modula-link id=\"396\"]Fotos Hochzeit & Ap\u00e9ro 18.12.2021[\/modula-link]\n<img loading=\"lazy\" width=\"6000\" height=\"4000\" src=\"https:\/\/www.aliceundchristian.ch\/wp-content\/uploads\/2022\/04\/A7308251.jpg\" title=\"A7308251\" alt=\"A7308251\">\n<h2>\u00a0Dinner &amp; Party 18.12.2021<\/h2>\n[modula-link id=\"1247\"]Fotos Dinner & Party 18.12.2021[\/modula-link]\n<img loading=\"lazy\" width=\"2128\" height=\"1419\" src=\"https:\/\/www.aliceundchristian.ch\/wp-content\/uploads\/2022\/04\/IMG_0147.jpg\" title=\"IMG_0147\" alt=\"IMG_0147\">\n<h2>\u00a0Photobooth 18.12.2021<\/h2>\n[modula-link id=\"1093\"]Fotos Photobooth 18.12.2021[\/modula-link]\n[modula-album id=\"1373\"]\n<h2 style=\"text-align: center;\">Hochzeitsreise<\/h2>\n\u00a0\n<p>Vielen lieben Dank auch nochmals an all die vielen Zustupfe an unsere Hochzeitsreise. Wir werden diese einsetzen um z.B.<\/p>\n<h4>\u00a0<\/h4> <h4>...von A nach B zu kommen.<\/h4> <p>Der Weg ist das Ziel! Wie zum Beispiel hier im Herbst 2019 auf unserer Tour durch Island mit dem Mink.<\/p> <p>\u00a0<\/p>\n<h4>\u00a0<\/h4> <h4>...zusammen die Golden Hour zu geniessen.<\/h4> <p>Abendstimmung am M\u00fdvatn<\/p> <p>\u00a0<\/p>\n<h4>...einen guten Kaffee zu trinken.<\/h4> <p>Dieser Cappuccino in Irland hat es uns angetan - Ambrosia nach zwei Wochen Tee statt Kaffee.<\/p> <p>\u00a0<\/p>\n<h4>...faszinierende Naturschauspiele zu beobachten.<\/h4> <p>Christian's Finger haben das Fotografieren ohne Handschuhe bei -36.5 \u00b0C im n\u00f6rdlichsten Teil von Finnland gl\u00fccklicherweise \u00fcberstanden.\u00a0<\/p> <p>\u00a0<\/p> <p>\u00a0<\/p>\n<h4>...uns nach den Frischluftaktivit\u00e4ten im Spa zu erholen.<\/h4> <p>und durchzuw\u00e4rmen - Langlauf im finnischen Winter war eine tolle Erfahrung.<\/p> <p>\u00a0<\/p>\n<h4>...luftige H\u00f6henfl\u00fcge zu geniessen.<\/h4>\n<h4>\u00a0<\/h4> <h4>...mal wieder Meeresluft zu schnuppern.<\/h4>\n<h4>...neues zu entdecken.<\/h4> <p>Wo auch immer unsere F\u00fcsse uns als n\u00e4chstes hin tragen, wir freuen uns auf besondere Erlebnisse und werden berichten. Vielen lieben Dank!<\/p> <p>\u00a0<\/p>\n<h2>Are You Attending?<\/h2> <h3>Please RSVP before 13. December 2021<\/h3>","_links":{"self":[{"href":"https:\/\/www.aliceundchristian.ch\/index.php?rest_route=\/wp\/v2\/pages\/5"}],"collection":[{"href":"https:\/\/www.aliceundchristian.ch\/index.php?rest_route=\/wp\/v2\/pages"}],"about":[{"href":"https:\/\/www.aliceundchristian.ch\/index.php?rest_route=\/wp\/v2\/types\/page"}],"author":[{"embeddable":true,"href":"https:\/\/www.aliceundchristian.ch\/index.php?rest_route=\/wp\/v2\/users\/1"}],"replies":[{"embeddable":true,"href":"https:\/\/www.aliceundchristian.ch\/index.php?rest_route=%2Fwp%2Fv2%2Fcomments&post=5"}],"version-history":[{"count":220,"href":"https:\/\/www.aliceundchristian.ch\/index.php?rest_route=\/wp\/v2\/pages\/5\/revisions"}],"predecessor-version":[{"id":1375,"href":"https:\/\/www.aliceundchristian.ch\/index.php?rest_route=\/wp\/v2\/pages\/5\/revisions\/1375"}],"wp:attachment":[{"href":"https:\/\/www.aliceundchristian.ch\/index.php?rest_route=%2Fwp%2Fv2%2Fmedia&parent=5"}],"curies":[{"name":"wp","href":"https:\/\/api.w.org\/{rel}","templated":true}]}}